{"id":43,"date":"2023-03-29T22:26:13","date_gmt":"2023-03-29T22:26:13","guid":{"rendered":"https:\/\/uniformesdellevante.com\/web\/?page_id=43"},"modified":"2023-05-10T17:43:23","modified_gmt":"2023-05-10T17:43:23","slug":"vestuario-laboral","status":"publish","type":"page","link":"https:\/\/uniformesdellevante.com\/web\/vestuario-laboral\/","title":{"rendered":"Vestuario laboral"},"content":{"rendered":"<p>[et_pb_section fb_built=\u00bb1&#8243; custom_padding_last_edited=\u00bbon|phone\u00bb _builder_version=\u00bb4.20.2&#8243; _module_preset=\u00bbdefault\u00bb background_color=\u00bb#171717&#8243; background_enable_image=\u00bboff\u00bb background_position=\u00bbtop_center\u00bb custom_padding=\u00bb7px||0px||false|false\u00bb custom_padding_tablet=\u00bb60px||10px||false|false\u00bb custom_padding_phone=\u00bb40px||1px||false|false\u00bb global_colors_info=\u00bb{}\u00bb][et_pb_row column_structure=\u00bb2_3,1_3&#8243; use_custom_gutter=\u00bbon\u00bb gutter_width=\u00bb1&#8243; make_equal=\u00bbon\u00bb _builder_version=\u00bb4.20.2&#8243; _module_preset=\u00bbdefault\u00bb width=\u00bb90%\u00bb width_tablet=\u00bb90%\u00bb width_phone=\u00bb90%\u00bb width_last_edited=\u00bbon|desktop\u00bb max_width=\u00bb1140px\u00bb max_width_tablet=\u00bb90%\u00bb max_width_phone=\u00bb90%\u00bb max_width_last_edited=\u00bbon|tablet\u00bb custom_margin=\u00bb||||false|false\u00bb custom_padding=\u00bb0px|0px|0px|0px|true|true\u00bb animation_style=\u00bbslide\u00bb animation_direction=\u00bbtop\u00bb animation_duration=\u00bb1500ms\u00bb global_colors_info=\u00bb{}\u00bb][et_pb_column type=\u00bb2_3&#8243; _builder_version=\u00bb4.16&#8243; _module_preset=\u00bbdefault\u00bb background_image=\u00bbhttps:\/\/uniformesdellevante.com\/web\/wp-content\/uploads\/2023\/05\/fence5-8.png\u00bb custom_padding=\u00bb60px|0px|60px|70px|true|false\u00bb custom_padding_tablet=\u00bb\u00bb custom_padding_phone=\u00bb30px|30px|30px|30px|true|false\u00bb custom_padding_last_edited=\u00bbon|phone\u00bb global_colors_info=\u00bb{}\u00bb][et_pb_text _builder_version=\u00bb4.20.2&#8243; _module_preset=\u00bbdefault\u00bb header_font=\u00bbBarlow|700|||||||\u00bb header_text_align=\u00bbleft\u00bb header_text_color=\u00bb#FFFFFF\u00bb header_font_size=\u00bb62px\u00bb header_line_height=\u00bb1.1em\u00bb custom_margin=\u00bb12px||||false|false\u00bb custom_padding=\u00bb||28px|||\u00bb hover_enabled=\u00bb0&#8243; header_font_size_tablet=\u00bb50px\u00bb header_font_size_phone=\u00bb30px\u00bb header_font_size_last_edited=\u00bbon|phone\u00bb global_colors_info=\u00bb{}\u00bb sticky_enabled=\u00bb0&#8243;]<\/p>\n<h1><span style=\"color: #ef7c22;\">Vestuario laboral<\/span><\/h1>\n<p>[\/et_pb_text][\/et_pb_column][et_pb_column type=\u00bb1_3&#8243; _builder_version=\u00bb4.16&#8243; _module_preset=\u00bbdefault\u00bb global_colors_info=\u00bb{}\u00bb][\/et_pb_column][\/et_pb_row][\/et_pb_section][et_pb_section fb_built=\u00bb1&#8243; custom_padding_last_edited=\u00bbon|phone\u00bb _builder_version=\u00bb4.20.2&#8243; _module_preset=\u00bbdefault\u00bb background_image=\u00bbhttps:\/\/uniformesdellevante.com\/web\/wp-content\/uploads\/2023\/05\/fence5-12.jpg\u00bb custom_padding=\u00bb140px||205px||false|\u00bb custom_padding_tablet=\u00bb||140px||false|false\u00bb custom_padding_phone=\u00bb||140px||false|false\u00bb global_colors_info=\u00bb{}\u00bb][et_pb_row column_structure=\u00bb3_5,2_5&#8243; use_custom_gutter=\u00bbon\u00bb gutter_width=\u00bb1&#8243; make_equal=\u00bbon\u00bb _builder_version=\u00bb4.16&#8243; _module_preset=\u00bbdefault\u00bb width=\u00bb90%\u00bb width_tablet=\u00bb90%\u00bb width_phone=\u00bb90%\u00bb width_last_edited=\u00bbon|desktop\u00bb max_width=\u00bb1140px\u00bb max_width_tablet=\u00bb90%\u00bb max_width_phone=\u00bb90%\u00bb max_width_last_edited=\u00bbon|tablet\u00bb custom_padding=\u00bb0px||0px||true|\u00bb global_colors_info=\u00bb{}\u00bb][et_pb_column type=\u00bb3_5&#8243; _builder_version=\u00bb4.16&#8243; _module_preset=\u00bbdefault\u00bb background_color=\u00bb#FFFFFF\u00bb custom_padding=\u00bb70px|70px|70px|70px|true|true\u00bb custom_padding_tablet=\u00bb\u00bb custom_padding_phone=\u00bb50px|30px|50px|30px|true|true\u00bb custom_padding_last_edited=\u00bbon|phone\u00bb global_colors_info=\u00bb{}\u00bb][et_pb_text _builder_version=\u00bb4.20.2&#8243; _module_preset=\u00bbdefault\u00bb header_2_font=\u00bbBarlow||||||||\u00bb header_2_font_size=\u00bb23px\u00bb header_3_font=\u00bbBarlow|600|||||||\u00bb header_3_text_align=\u00bbleft\u00bb header_3_text_color=\u00bb#1a1a1a\u00bb header_3_font_size=\u00bb48px\u00bb custom_margin=\u00bb3px||||false|false\u00bb hover_enabled=\u00bb0&#8243; header_3_font_size_tablet=\u00bb\u00bb header_3_font_size_phone=\u00bb35px\u00bb header_3_font_size_last_edited=\u00bbon|phone\u00bb global_colors_info=\u00bb{}\u00bb sticky_enabled=\u00bb0&#8243;]<\/p>\n<h2><strong>Te ayudamos a encontrar los uniformes para tu empresa<\/strong><\/h2>\n<p>[\/et_pb_text][et_pb_text _builder_version=\u00bb4.20.2&#8243; _module_preset=\u00bbdefault\u00bb text_font=\u00bbRoboto Condensed||||||||\u00bb text_text_color=\u00bb#4c4c4c\u00bb text_font_size=\u00bb18px\u00bb text_line_height=\u00bb1.8em\u00bb custom_margin=\u00bb15px||||false|false\u00bb hover_enabled=\u00bb0&#8243; global_colors_info=\u00bb{}\u00bb sticky_enabled=\u00bb0&#8243;]<\/p>\n<p><span>Un buen vestuario aporta m\u00faltiples ventajas tanto para la propia empresa como para los trabajadores. Y es que, por un lado, sirve para representar la identidad corporativa de la compa\u00f1\u00eda y crear un v\u00ednculo con la misma. Y, por el otro, proporcionan protecci\u00f3n y seguridad a los trabajadores, evitando y previniendo accidentes de trabajo.<\/span><\/p>\n<p><span>En este sentido, el vestuario laboral debe adaptarse perfectamente al cuerpo de las personas que lo lleven. Si las prendas quedan demasiado ce\u00f1idas, pueden limitar la movilidad de los trabajadores. Mientras que si son demasiado anchas, pueden engancharse en otras partes, dando lugar a accidentes o roturas en el tejido.<\/span><\/p>\n<p>&nbsp;<\/p>\n<p>[\/et_pb_text][\/et_pb_column][et_pb_column type=\u00bb2_5&#8243; _builder_version=\u00bb4.16&#8243; _module_preset=\u00bbdefault\u00bb global_colors_info=\u00bb{}\u00bb][et_pb_image src=\u00bbhttps:\/\/uniformesdellevante.com\/web\/wp-content\/uploads\/2023\/03\/Vestuario-laboral-uniformidad.jpg\u00bb title_text=\u00bbVestuario-laboral-uniformidad\u00bb _builder_version=\u00bb4.20.2&#8243; _module_preset=\u00bbdefault\u00bb custom_margin=\u00bb70px||-70px||false|false\u00bb custom_margin_tablet=\u00bb0px||0px||false|false\u00bb custom_margin_phone=\u00bb0px||0px||false|false\u00bb custom_margin_last_edited=\u00bbon|tablet\u00bb scroll_vertical_motion_enable=\u00bbon\u00bb scroll_vertical_motion=\u00bb0|50|50|100|0.5|0|0.5&#8243; hover_enabled=\u00bb0&#8243; scroll_vertical_motion_tablet=\u00bb0|50|50|100|0|0|0&#8243; scroll_vertical_motion_phone=\u00bb0|50|50|100|0|0|0&#8243; scroll_vertical_motion_last_edited=\u00bbon|phone\u00bb global_colors_info=\u00bb{}\u00bb sticky_enabled=\u00bb0&#8243;][\/et_pb_image][\/et_pb_column][\/et_pb_row][et_pb_row column_structure=\u00bb2_5,3_5&#8243; use_custom_gutter=\u00bbon\u00bb gutter_width=\u00bb1&#8243; make_equal=\u00bbon\u00bb _builder_version=\u00bb4.20.2&#8243; _module_preset=\u00bbdefault\u00bb z_index=\u00bb285&#8243; width=\u00bb90%\u00bb width_tablet=\u00bb90%\u00bb width_phone=\u00bb90%\u00bb width_last_edited=\u00bbon|desktop\u00bb max_width=\u00bb1140px\u00bb max_width_tablet=\u00bb90%\u00bb max_width_phone=\u00bb90%\u00bb max_width_last_edited=\u00bbon|tablet\u00bb custom_padding=\u00bb225px||0px|||\u00bb hover_enabled=\u00bb0&#8243; global_colors_info=\u00bb{}\u00bb sticky_enabled=\u00bb0&#8243;][et_pb_column type=\u00bb2_5&#8243; _builder_version=\u00bb4.16&#8243; _module_preset=\u00bbdefault\u00bb global_colors_info=\u00bb{}\u00bb][et_pb_image src=\u00bbhttps:\/\/uniformesdellevante.com\/web\/wp-content\/uploads\/2023\/05\/fence5-3.png\u00bb title_text=\u00bbfence5 (3)\u00bb _builder_version=\u00bb4.16&#8243; _module_preset=\u00bbdefault\u00bb custom_margin=\u00bb|||-60px|false|false\u00bb scroll_vertical_motion=\u00bb0|50|50|100|-0.5|0|1&#8243; scroll_rotating_enable=\u00bbon\u00bb scroll_rotating=\u00bb0|50|50|100|90|0|-90\u00b0\u00bb scroll_rotating_tablet=\u00bb0|50|50|100|0\u00b0|0|0\u00b0\u00bb scroll_rotating_phone=\u00bb0|50|50|100|0\u00b0|0|0\u00b0\u00bb scroll_rotating_last_edited=\u00bbon|tablet\u00bb global_colors_info=\u00bb{}\u00bb][\/et_pb_image][et_pb_image src=\u00bbhttps:\/\/uniformesdellevante.com\/web\/wp-content\/uploads\/2023\/04\/9.jpg\u00bb title_text=\u00bb9&#8243; _builder_version=\u00bb4.20.2&#8243; _module_preset=\u00bbdefault\u00bb z_index=\u00bb218&#8243; custom_margin=\u00bb-380px||||false|false\u00bb scroll_vertical_motion_enable=\u00bbon\u00bb scroll_vertical_motion=\u00bb0|50|50|100|0.5|0|0.5&#8243; hover_enabled=\u00bb0&#8243; scroll_vertical_motion_tablet=\u00bb0|50|50|100|0|0|0&#8243; scroll_vertical_motion_phone=\u00bb0|50|50|100|0|0|0&#8243; scroll_vertical_motion_last_edited=\u00bbon|phone\u00bb global_colors_info=\u00bb{}\u00bb sticky_enabled=\u00bb0&#8243;][\/et_pb_image][\/et_pb_column][et_pb_column type=\u00bb3_5&#8243; _builder_version=\u00bb4.16&#8243; _module_preset=\u00bbdefault\u00bb background_color=\u00bb#FFFFFF\u00bb custom_padding=\u00bb70px|70px|70px|70px|true|true\u00bb custom_padding_tablet=\u00bb\u00bb custom_padding_phone=\u00bb50px|30px|50px|30px|true|true\u00bb custom_padding_last_edited=\u00bbon|phone\u00bb global_colors_info=\u00bb{}\u00bb][et_pb_text _builder_version=\u00bb4.20.2&#8243; _module_preset=\u00bbdefault\u00bb header_2_font=\u00bbBarlow||||||||\u00bb header_2_font_size=\u00bb23px\u00bb header_3_font=\u00bbBarlow|600|||||||\u00bb header_3_text_align=\u00bbleft\u00bb header_3_text_color=\u00bb#1a1a1a\u00bb header_3_font_size=\u00bb48px\u00bb custom_margin=\u00bb3px||35px||false|false\u00bb hover_enabled=\u00bb0&#8243; header_3_font_size_tablet=\u00bb\u00bb header_3_font_size_phone=\u00bb35px\u00bb header_3_font_size_last_edited=\u00bbon|phone\u00bb global_colors_info=\u00bb{}\u00bb sticky_enabled=\u00bb0&#8243;]<\/p>\n<h2><strong>En Uniformes del Levante te asesoramos sobre vestuario laboral para tu empresa<\/strong><\/h2>\n<p>[\/et_pb_text][et_pb_text _builder_version=\u00bb4.20.2&#8243; _module_preset=\u00bbdefault\u00bb text_font=\u00bbRoboto Condensed||||||||\u00bb text_text_color=\u00bb#4c4c4c\u00bb text_font_size=\u00bb18px\u00bb text_line_height=\u00bb1.8em\u00bb custom_margin=\u00bb15px||||false|false\u00bb global_colors_info=\u00bb{}\u00bb]<\/p>\n<p><span>Vivimos en un mundo en constante cambio, por lo que intentamos ser flexibles y adaptarnos a los cambios y necesidades que van surgiendo. Por eso, llevamos a cabo trabajos de personalizaci\u00f3n en base a las necesidades de cada empresa. Con t\u00e9cnicas como el bordado y el serigrafiado, tanto para particulares como para micropymes, pymes y grandes empresas.<\/span><\/p>\n<p>[\/et_pb_text][\/et_pb_column][\/et_pb_row][\/et_pb_section][et_pb_section fb_built=\u00bb1&#8243; custom_padding_last_edited=\u00bbon|phone\u00bb _builder_version=\u00bb4.20.2&#8243; _module_preset=\u00bbdefault\u00bb use_background_color_gradient=\u00bbon\u00bb background_color_gradient_stops=\u00bbrgba(0,0,0,0.54) 15%|#000000 100%\u00bb background_color_gradient_overlays_image=\u00bbon\u00bb background_image=\u00bbhttps:\/\/uniformesdellevante.com\/web\/wp-content\/uploads\/2023\/04\/elegir-buen-calzado-de-seguridad.jpg\u00bb custom_padding=\u00bb53px||53px||true|\u00bb custom_padding_tablet=\u00bb140px||140px||true|false\u00bb custom_padding_phone=\u00bb140px||140px||true|false\u00bb global_colors_info=\u00bb{}\u00bb][et_pb_row use_custom_gutter=\u00bbon\u00bb gutter_width=\u00bb2&#8243; make_equal=\u00bbon\u00bb _builder_version=\u00bb4.16&#8243; _module_preset=\u00bbdefault\u00bb width=\u00bb90%\u00bb width_tablet=\u00bb90%\u00bb width_phone=\u00bb90%\u00bb width_last_edited=\u00bbon|desktop\u00bb max_width=\u00bb1140px\u00bb max_width_tablet=\u00bb90%\u00bb max_width_phone=\u00bb90%\u00bb max_width_last_edited=\u00bbon|tablet\u00bb custom_padding=\u00bb0px||0px||true|\u00bb global_colors_info=\u00bb{}\u00bb][et_pb_column type=\u00bb4_4&#8243; _builder_version=\u00bb4.16&#8243; _module_preset=\u00bbdefault\u00bb global_colors_info=\u00bb{}\u00bb][et_pb_text _builder_version=\u00bb4.20.2&#8243; _module_preset=\u00bbdefault\u00bb header_2_font=\u00bbBarlow|600|||||||\u00bb header_2_text_align=\u00bbcenter\u00bb header_2_text_color=\u00bb#FFFFFF\u00bb header_2_font_size=\u00bb48px\u00bb header_2_letter_spacing=\u00bb-1px\u00bb header_2_line_height=\u00bb1.2em\u00bb max_width=\u00bb806px\u00bb module_alignment=\u00bbcenter\u00bb min_height=\u00bb148px\u00bb custom_margin=\u00bb-10px||||false|false\u00bb custom_margin_tablet=\u00bb-20px||||false|false\u00bb custom_margin_phone=\u00bb-20px||||false|false\u00bb custom_margin_last_edited=\u00bbon|phone\u00bb hover_enabled=\u00bb0&#8243; header_2_font_size_tablet=\u00bb40px\u00bb header_2_font_size_phone=\u00bb35px\u00bb header_2_font_size_last_edited=\u00bbon|phone\u00bb global_colors_info=\u00bb{}\u00bb sticky_enabled=\u00bb0&#8243;]<\/p>\n<h2>\u00bf Est\u00e1s buscando uniformes para tu empresa? <span style=\"color: #ef7c22;\">Te asesoramos.<\/span><\/h2>\n<p>[\/et_pb_text][\/et_pb_column][\/et_pb_row][et_pb_row column_structure=\u00bb1_2,1_2&#8243; _builder_version=\u00bb4.20.2&#8243; _module_preset=\u00bbdefault\u00bb width=\u00bb800px\u00bb width_tablet=\u00bb800px\u00bb width_phone=\u00bb100%\u00bb width_last_edited=\u00bbon|phone\u00bb global_colors_info=\u00bb{}\u00bb][et_pb_column type=\u00bb1_2&#8243; _builder_version=\u00bb4.20.2&#8243; _module_preset=\u00bbdefault\u00bb global_colors_info=\u00bb{}\u00bb][et_pb_button button_url=\u00bb@ET-DC@eyJkeW5hbWljIjp0cnVlLCJjb250ZW50IjoicG9zdF9saW5rX3VybF9wYWdlIiwic2V0dGluZ3MiOnsicG9zdF9pZCI6IjExMDAifX0=@\u00bb button_text=\u00bbConsulta nuestros cat\u00e1logos\u00bb button_alignment=\u00bbcenter\u00bb _builder_version=\u00bb4.20.2&#8243; _dynamic_attributes=\u00bbbutton_url\u00bb _module_preset=\u00bbdefault\u00bb custom_button=\u00bbon\u00bb button_text_size=\u00bb16px\u00bb button_text_color=\u00bb#000000&#8243; button_bg_color=\u00bb#ef7c22&#8243; button_border_color=\u00bbRGBA(255,255,255,0)\u00bb button_border_radius=\u00bb0px\u00bb button_font=\u00bbChivo|700|||||||\u00bb button_use_icon=\u00bboff\u00bb custom_margin=\u00bb0px||0px||false|false\u00bb custom_padding=\u00bb13px|35px|13px|35px|false|false\u00bb animation_style=\u00bbslide\u00bb locked=\u00bboff\u00bb global_colors_info=\u00bb{}\u00bb button_text_color__hover=\u00bb#000000&#8243; button_text_color__hover_enabled=\u00bbon|desktop\u00bb button_bg_color__hover=\u00bbrgba(226,226,226,0.56)\u00bb button_bg_color__hover_enabled=\u00bbon|hover\u00bb button_letter_spacing__hover=\u00bb0px\u00bb button_letter_spacing__hover_enabled=\u00bbon|hover\u00bb button_bg_enable_color__hover=\u00bbon\u00bb][\/et_pb_button][\/et_pb_column][et_pb_column type=\u00bb1_2&#8243; _builder_version=\u00bb4.20.2&#8243; _module_preset=\u00bbdefault\u00bb global_colors_info=\u00bb{}\u00bb][et_pb_button button_url=\u00bbhttps:\/\/uniformesdellevante.com\/web\/contacto\/\u00bb button_text=\u00bbContacta con nosotros   \u00bb button_alignment=\u00bbcenter\u00bb _builder_version=\u00bb4.20.2&#8243; _module_preset=\u00bbdefault\u00bb custom_button=\u00bbon\u00bb button_text_size=\u00bb16px\u00bb button_text_color=\u00bb#000000&#8243; button_bg_color=\u00bb#ef7c22&#8243; button_border_color=\u00bbRGBA(255,255,255,0)\u00bb button_border_radius=\u00bb0px\u00bb button_font=\u00bbChivo|700|||||||\u00bb button_use_icon=\u00bboff\u00bb custom_margin=\u00bb0px||0px||false|false\u00bb custom_padding=\u00bb13px|35px|13px|35px|false|false\u00bb animation_style=\u00bbslide\u00bb locked=\u00bboff\u00bb global_colors_info=\u00bb{}\u00bb button_text_color__hover=\u00bb#000000&#8243; button_text_color__hover_enabled=\u00bbon|desktop\u00bb button_bg_color__hover=\u00bbrgba(226,226,226,0.56)\u00bb button_bg_color__hover_enabled=\u00bbon|hover\u00bb button_letter_spacing__hover=\u00bb0px\u00bb button_letter_spacing__hover_enabled=\u00bbon|hover\u00bb button_bg_enable_color__hover=\u00bbon\u00bb][\/et_pb_button][\/et_pb_column][\/et_pb_row][\/et_pb_section]<\/p>\n","protected":false},"excerpt":{"rendered":"<p>Vestuario laboralTe ayudamos a encontrar los uniformes para tu empresaUn buen vestuario aporta m\u00faltiples ventajas tanto para la propia empresa como para los trabajadores. Y es que, por un lado, sirve para representar la identidad corporativa de la compa\u00f1\u00eda y crear un v\u00ednculo con la misma. Y, por el otro, proporcionan protecci\u00f3n y seguridad a [&hellip;]<\/p>\n","protected":false},"author":2,"featured_media":0,"parent":0,"menu_order":0,"comment_status":"closed","ping_status":"closed","template":"","meta":{"_et_pb_use_builder":"on","_et_pb_old_content":"<!-- wp:divi\/placeholder \/-->","_et_gb_content_width":"","om_disable_all_campaigns":false,"_monsterinsights_skip_tracking":false,"_monsterinsights_sitenote_active":false,"_monsterinsights_sitenote_note":"","_monsterinsights_sitenote_category":0,"_uf_show_specific_survey":0,"_uf_disable_surveys":false},"yoast_head":"<!-- This site is optimized with the Yoast SEO plugin v23.5 - https:\/\/yoast.com\/wordpress\/plugins\/seo\/ -->\n<title>Vestuario laboral - Uniformes de Levante<\/title>\n<meta name=\"robots\" content=\"index, follow, max-snippet:-1, max-image-preview:large, max-video-preview:-1\" \/>\n<link rel=\"canonical\" href=\"https:\/\/uniformesdellevante.com\/web\/vestuario-laboral\/\" \/>\n<meta property=\"og:locale\" content=\"es_ES\" \/>\n<meta property=\"og:type\" content=\"article\" \/>\n<meta property=\"og:title\" content=\"Vestuario laboral - Uniformes de Levante\" \/>\n<meta property=\"og:description\" content=\"Vestuario laboralTe ayudamos a encontrar los uniformes para tu empresaUn buen vestuario aporta m\u00faltiples ventajas tanto para la propia empresa como para los trabajadores. Y es que, por un lado, sirve para representar la identidad corporativa de la compa\u00f1\u00eda y crear un v\u00ednculo con la misma. Y, por el otro, proporcionan protecci\u00f3n y seguridad a [&hellip;]\" \/>\n<meta property=\"og:url\" content=\"https:\/\/uniformesdellevante.com\/web\/vestuario-laboral\/\" \/>\n<meta property=\"og:site_name\" content=\"Uniformes de Levante\" \/>\n<meta property=\"article:publisher\" content=\"https:\/\/www.facebook.com\/Uniformesdellevante\/\" \/>\n<meta property=\"article:modified_time\" content=\"2023-05-10T17:43:23+00:00\" \/>\n<meta name=\"twitter:card\" content=\"summary_large_image\" \/>\n<meta name=\"twitter:label1\" content=\"Tiempo de lectura\" \/>\n\t<meta name=\"twitter:data1\" content=\"8 minutos\" \/>\n<script type=\"application\/ld+json\" class=\"yoast-schema-graph\">{\"@context\":\"https:\/\/schema.org\",\"@graph\":[{\"@type\":\"WebPage\",\"@id\":\"https:\/\/uniformesdellevante.com\/web\/vestuario-laboral\/\",\"url\":\"https:\/\/uniformesdellevante.com\/web\/vestuario-laboral\/\",\"name\":\"Vestuario laboral - Uniformes de Levante\",\"isPartOf\":{\"@id\":\"https:\/\/uniformesdellevante.com\/web\/#website\"},\"datePublished\":\"2023-03-29T22:26:13+00:00\",\"dateModified\":\"2023-05-10T17:43:23+00:00\",\"breadcrumb\":{\"@id\":\"https:\/\/uniformesdellevante.com\/web\/vestuario-laboral\/#breadcrumb\"},\"inLanguage\":\"es\",\"potentialAction\":[{\"@type\":\"ReadAction\",\"target\":[\"https:\/\/uniformesdellevante.com\/web\/vestuario-laboral\/\"]}]},{\"@type\":\"BreadcrumbList\",\"@id\":\"https:\/\/uniformesdellevante.com\/web\/vestuario-laboral\/#breadcrumb\",\"itemListElement\":[{\"@type\":\"ListItem\",\"position\":1,\"name\":\"Portada\",\"item\":\"https:\/\/uniformesdellevante.com\/web\/\"},{\"@type\":\"ListItem\",\"position\":2,\"name\":\"Vestuario laboral\"}]},{\"@type\":\"WebSite\",\"@id\":\"https:\/\/uniformesdellevante.com\/web\/#website\",\"url\":\"https:\/\/uniformesdellevante.com\/web\/\",\"name\":\"Uniformes de Levante\",\"description\":\"Ropa de trabajo y uniformes laborales\",\"publisher\":{\"@id\":\"https:\/\/uniformesdellevante.com\/web\/#organization\"},\"potentialAction\":[{\"@type\":\"SearchAction\",\"target\":{\"@type\":\"EntryPoint\",\"urlTemplate\":\"https:\/\/uniformesdellevante.com\/web\/?s={search_term_string}\"},\"query-input\":{\"@type\":\"PropertyValueSpecification\",\"valueRequired\":true,\"valueName\":\"search_term_string\"}}],\"inLanguage\":\"es\"},{\"@type\":\"Organization\",\"@id\":\"https:\/\/uniformesdellevante.com\/web\/#organization\",\"name\":\"Uniformes de Levante\",\"url\":\"https:\/\/uniformesdellevante.com\/web\/\",\"logo\":{\"@type\":\"ImageObject\",\"inLanguage\":\"es\",\"@id\":\"https:\/\/uniformesdellevante.com\/web\/#\/schema\/logo\/image\/\",\"url\":\"https:\/\/uniformesdellevante.com\/web\/wp-content\/uploads\/2023\/03\/Logo_web.jpg\",\"contentUrl\":\"https:\/\/uniformesdellevante.com\/web\/wp-content\/uploads\/2023\/03\/Logo_web.jpg\",\"width\":277,\"height\":198,\"caption\":\"Uniformes de Levante\"},\"image\":{\"@id\":\"https:\/\/uniformesdellevante.com\/web\/#\/schema\/logo\/image\/\"},\"sameAs\":[\"https:\/\/www.facebook.com\/Uniformesdellevante\/\"]}]}<\/script>\n<!-- \/ Yoast SEO plugin. -->","yoast_head_json":{"title":"Vestuario laboral - Uniformes de Levante","robots":{"index":"index","follow":"follow","max-snippet":"max-snippet:-1","max-image-preview":"max-image-preview:large","max-video-preview":"max-video-preview:-1"},"canonical":"https:\/\/uniformesdellevante.com\/web\/vestuario-laboral\/","og_locale":"es_ES","og_type":"article","og_title":"Vestuario laboral - Uniformes de Levante","og_description":"Vestuario laboralTe ayudamos a encontrar los uniformes para tu empresaUn buen vestuario aporta m\u00faltiples ventajas tanto para la propia empresa como para los trabajadores. Y es que, por un lado, sirve para representar la identidad corporativa de la compa\u00f1\u00eda y crear un v\u00ednculo con la misma. Y, por el otro, proporcionan protecci\u00f3n y seguridad a [&hellip;]","og_url":"https:\/\/uniformesdellevante.com\/web\/vestuario-laboral\/","og_site_name":"Uniformes de Levante","article_publisher":"https:\/\/www.facebook.com\/Uniformesdellevante\/","article_modified_time":"2023-05-10T17:43:23+00:00","twitter_card":"summary_large_image","twitter_misc":{"Tiempo de lectura":"8 minutos"},"schema":{"@context":"https:\/\/schema.org","@graph":[{"@type":"WebPage","@id":"https:\/\/uniformesdellevante.com\/web\/vestuario-laboral\/","url":"https:\/\/uniformesdellevante.com\/web\/vestuario-laboral\/","name":"Vestuario laboral - Uniformes de Levante","isPartOf":{"@id":"https:\/\/uniformesdellevante.com\/web\/#website"},"datePublished":"2023-03-29T22:26:13+00:00","dateModified":"2023-05-10T17:43:23+00:00","breadcrumb":{"@id":"https:\/\/uniformesdellevante.com\/web\/vestuario-laboral\/#breadcrumb"},"inLanguage":"es","potentialAction":[{"@type":"ReadAction","target":["https:\/\/uniformesdellevante.com\/web\/vestuario-laboral\/"]}]},{"@type":"BreadcrumbList","@id":"https:\/\/uniformesdellevante.com\/web\/vestuario-laboral\/#breadcrumb","itemListElement":[{"@type":"ListItem","position":1,"name":"Portada","item":"https:\/\/uniformesdellevante.com\/web\/"},{"@type":"ListItem","position":2,"name":"Vestuario laboral"}]},{"@type":"WebSite","@id":"https:\/\/uniformesdellevante.com\/web\/#website","url":"https:\/\/uniformesdellevante.com\/web\/","name":"Uniformes de Levante","description":"Ropa de trabajo y uniformes laborales","publisher":{"@id":"https:\/\/uniformesdellevante.com\/web\/#organization"},"potentialAction":[{"@type":"SearchAction","target":{"@type":"EntryPoint","urlTemplate":"https:\/\/uniformesdellevante.com\/web\/?s={search_term_string}"},"query-input":{"@type":"PropertyValueSpecification","valueRequired":true,"valueName":"search_term_string"}}],"inLanguage":"es"},{"@type":"Organization","@id":"https:\/\/uniformesdellevante.com\/web\/#organization","name":"Uniformes de Levante","url":"https:\/\/uniformesdellevante.com\/web\/","logo":{"@type":"ImageObject","inLanguage":"es","@id":"https:\/\/uniformesdellevante.com\/web\/#\/schema\/logo\/image\/","url":"https:\/\/uniformesdellevante.com\/web\/wp-content\/uploads\/2023\/03\/Logo_web.jpg","contentUrl":"https:\/\/uniformesdellevante.com\/web\/wp-content\/uploads\/2023\/03\/Logo_web.jpg","width":277,"height":198,"caption":"Uniformes de Levante"},"image":{"@id":"https:\/\/uniformesdellevante.com\/web\/#\/schema\/logo\/image\/"},"sameAs":["https:\/\/www.facebook.com\/Uniformesdellevante\/"]}]}},"_links":{"self":[{"href":"https:\/\/uniformesdellevante.com\/web\/wp-json\/wp\/v2\/pages\/43"}],"collection":[{"href":"https:\/\/uniformesdellevante.com\/web\/wp-json\/wp\/v2\/pages"}],"about":[{"href":"https:\/\/uniformesdellevante.com\/web\/wp-json\/wp\/v2\/types\/page"}],"author":[{"embeddable":true,"href":"https:\/\/uniformesdellevante.com\/web\/wp-json\/wp\/v2\/users\/2"}],"replies":[{"embeddable":true,"href":"https:\/\/uniformesdellevante.com\/web\/wp-json\/wp\/v2\/comments?post=43"}],"version-history":[{"count":42,"href":"https:\/\/uniformesdellevante.com\/web\/wp-json\/wp\/v2\/pages\/43\/revisions"}],"predecessor-version":[{"id":1113,"href":"https:\/\/uniformesdellevante.com\/web\/wp-json\/wp\/v2\/pages\/43\/revisions\/1113"}],"wp:attachment":[{"href":"https:\/\/uniformesdellevante.com\/web\/wp-json\/wp\/v2\/media?parent=43"}],"curies":[{"name":"wp","href":"https:\/\/api.w.org\/{rel}","templated":true}]}}